{"id":2,"date":"2026-03-23T21:18:37","date_gmt":"2026-03-23T21:18:37","guid":{"rendered":""},"modified":"2026-04-15T01:17:34","modified_gmt":"2026-04-15T01:17:34","slug":"tuana-turismo-comunitario-sapara-en-pastaza-amazonia-de-ecuador","status":"publish","type":"page","link":"https:\/\/proyectotuana.org\/fr\/","title":{"rendered":"TUANA. Tourisme communautaire Sapara \u00e0 Pastaza. Amazonie \u00e9quatorienne"},"content":{"rendered":"","protected":false},"excerpt":{"rendered":"","protected":false},"author":1,"featured_media":0,"parent":0,"menu_order":0,"comment_status":"closed","ping_status":"closed","template":"","meta":{"footnotes":""},"class_list":["post-2","page","type-page","status-publish","hentry"],"yoast_head":"<!-- This site is optimized with the Yoast SEO Premium plugin v27.3 (Yoast SEO v27.4) - https:\/\/yoast.com\/product\/yoast-seo-premium-wordpress\/ -->\n<title>TUANA. Turismo comunitario sapara. Pastaza (Amazonia-Ecuador)<\/title>\n<meta name=\"description\" content=\"TUANA es un emprendimiento de turismo comunitario liderado por mujeres sapara en Atakuinjia (Pastaza, Amazon\u00eda del Ecuador)\" \/>\n<meta name=\"robots\" content=\"index, follow, max-snippet:-1, max-image-preview:large, max-video-preview:-1\" \/>\n<link rel=\"canonical\" href=\"https:\/\/proyectotuana.org\/fr\/\" \/>\n<meta property=\"og:locale\" content=\"fr_FR\" \/>\n<meta property=\"og:type\" content=\"article\" \/>\n<meta property=\"og:title\" content=\"TUANA.Turismo Comunitario Sapara en Pastaza. Amazon\u00eda de Ecuador\" \/>\n<meta property=\"og:description\" content=\"TUANA es un emprendimiento de turismo comunitario liderado por mujeres sapara en Atakuinjia (Pastaza, Amazon\u00eda del Ecuador)\" \/>\n<meta property=\"og:url\" content=\"https:\/\/proyectotuana.org\/fr\/\" \/>\n<meta property=\"og:site_name\" content=\"TUANA\" \/>\n<meta property=\"article:modified_time\" content=\"2026-04-15T01:17:34+00:00\" \/>\n<meta name=\"twitter:card\" content=\"summary_large_image\" \/>\n<script type=\"application\/ld+json\" class=\"yoast-schema-graph\">{\"@context\":\"https:\\\/\\\/schema.org\",\"@graph\":[{\"@type\":\"WebPage\",\"@id\":\"https:\\\/\\\/proyectotuana.org\\\/\",\"url\":\"https:\\\/\\\/proyectotuana.org\\\/\",\"name\":\"TUANA. Turismo comunitario sapara. Pastaza (Amazonia-Ecuador)\",\"isPartOf\":{\"@id\":\"https:\\\/\\\/proyectotuana.org\\\/#website\"},\"datePublished\":\"2026-03-23T21:18:37+00:00\",\"dateModified\":\"2026-04-15T01:17:34+00:00\",\"description\":\"TUANA es un emprendimiento de turismo comunitario liderado por mujeres sapara en Atakuinjia (Pastaza, Amazon\u00eda del Ecuador)\",\"breadcrumb\":{\"@id\":\"https:\\\/\\\/proyectotuana.org\\\/#breadcrumb\"},\"inLanguage\":\"fr-FR\",\"potentialAction\":[{\"@type\":\"ReadAction\",\"target\":[\"https:\\\/\\\/proyectotuana.org\\\/\"]}]},{\"@type\":\"BreadcrumbList\",\"@id\":\"https:\\\/\\\/proyectotuana.org\\\/#breadcrumb\",\"itemListElement\":[{\"@type\":\"ListItem\",\"position\":1,\"name\":\"Portada\",\"item\":\"https:\\\/\\\/proyectotuana.org\\\/\"},{\"@type\":\"ListItem\",\"position\":2,\"name\":\"TUANA.Turismo Comunitario Sapara en Pastaza. Amazon\u00eda de Ecuador\"}]},{\"@type\":\"WebSite\",\"@id\":\"https:\\\/\\\/proyectotuana.org\\\/#website\",\"url\":\"https:\\\/\\\/proyectotuana.org\\\/\",\"name\":\"TUANA\",\"description\":\"\",\"publisher\":{\"@id\":\"https:\\\/\\\/proyectotuana.org\\\/#organization\"},\"potentialAction\":[{\"@type\":\"SearchAction\",\"target\":{\"@type\":\"EntryPoint\",\"urlTemplate\":\"https:\\\/\\\/proyectotuana.org\\\/?s={search_term_string}\"},\"query-input\":{\"@type\":\"PropertyValueSpecification\",\"valueRequired\":true,\"valueName\":\"search_term_string\"}}],\"inLanguage\":\"fr-FR\"},{\"@type\":\"Organization\",\"@id\":\"https:\\\/\\\/proyectotuana.org\\\/#organization\",\"name\":\"TUANA\",\"url\":\"https:\\\/\\\/proyectotuana.org\\\/\",\"logo\":{\"@type\":\"ImageObject\",\"inLanguage\":\"fr-FR\",\"@id\":\"https:\\\/\\\/proyectotuana.org\\\/#\\\/schema\\\/logo\\\/image\\\/\",\"url\":\"https:\\\/\\\/proyectotuana.org\\\/wp-content\\\/uploads\\\/2026\\\/03\\\/LogoTuanaTransparente.png\",\"contentUrl\":\"https:\\\/\\\/proyectotuana.org\\\/wp-content\\\/uploads\\\/2026\\\/03\\\/LogoTuanaTransparente.png\",\"width\":1640,\"height\":924,\"caption\":\"TUANA\"},\"image\":{\"@id\":\"https:\\\/\\\/proyectotuana.org\\\/#\\\/schema\\\/logo\\\/image\\\/\"}}]}<\/script>\n<!-- \/ Yoast SEO Premium plugin. -->","yoast_head_json":{"title":"TUANA. Tourisme communautaire Sapara. Pastaza (Amazonie-\u00c9quateur)","description":"TUANA est une initiative de tourisme communautaire dirig\u00e9e par les femmes Sapara d&#039;Atakuinjia (Pastaza, Amazonie \u00e9quatorienne)","robots":{"index":"index","follow":"follow","max-snippet":"max-snippet:-1","max-image-preview":"max-image-preview:large","max-video-preview":"max-video-preview:-1"},"canonical":"https:\/\/proyectotuana.org\/fr\/","og_locale":"fr_FR","og_type":"article","og_title":"TUANA.Turismo Comunitario Sapara en Pastaza. Amazon\u00eda de Ecuador","og_description":"TUANA es un emprendimiento de turismo comunitario liderado por mujeres sapara en Atakuinjia (Pastaza, Amazon\u00eda del Ecuador)","og_url":"https:\/\/proyectotuana.org\/fr\/","og_site_name":"TUANA","article_modified_time":"2026-04-15T01:17:34+00:00","twitter_card":"summary_large_image","schema":{"@context":"https:\/\/schema.org","@graph":[{"@type":"WebPage","@id":"https:\/\/proyectotuana.org\/","url":"https:\/\/proyectotuana.org\/","name":"TUANA. Tourisme communautaire Sapara. Pastaza (Amazonie-\u00c9quateur)","isPartOf":{"@id":"https:\/\/proyectotuana.org\/#website"},"datePublished":"2026-03-23T21:18:37+00:00","dateModified":"2026-04-15T01:17:34+00:00","description":"TUANA est une initiative de tourisme communautaire dirig\u00e9e par les femmes Sapara d&#039;Atakuinjia (Pastaza, Amazonie \u00e9quatorienne)","breadcrumb":{"@id":"https:\/\/proyectotuana.org\/#breadcrumb"},"inLanguage":"fr-FR","potentialAction":[{"@type":"ReadAction","target":["https:\/\/proyectotuana.org\/"]}]},{"@type":"BreadcrumbList","@id":"https:\/\/proyectotuana.org\/#breadcrumb","itemListElement":[{"@type":"ListItem","position":1,"name":"Portada","item":"https:\/\/proyectotuana.org\/"},{"@type":"ListItem","position":2,"name":"TUANA.Turismo Comunitario Sapara en Pastaza. Amazon\u00eda de Ecuador"}]},{"@type":"WebSite","@id":"https:\/\/proyectotuana.org\/#website","url":"https:\/\/proyectotuana.org\/","name":"TUANA","description":"","publisher":{"@id":"https:\/\/proyectotuana.org\/#organization"},"potentialAction":[{"@type":"SearchAction","target":{"@type":"EntryPoint","urlTemplate":"https:\/\/proyectotuana.org\/?s={search_term_string}"},"query-input":{"@type":"PropertyValueSpecification","valueRequired":true,"valueName":"search_term_string"}}],"inLanguage":"fr-FR"},{"@type":"Organization","@id":"https:\/\/proyectotuana.org\/#organization","name":"TUANA","url":"https:\/\/proyectotuana.org\/","logo":{"@type":"ImageObject","inLanguage":"fr-FR","@id":"https:\/\/proyectotuana.org\/#\/schema\/logo\/image\/","url":"https:\/\/proyectotuana.org\/wp-content\/uploads\/2026\/03\/LogoTuanaTransparente.png","contentUrl":"https:\/\/proyectotuana.org\/wp-content\/uploads\/2026\/03\/LogoTuanaTransparente.png","width":1640,"height":924,"caption":"TUANA"},"image":{"@id":"https:\/\/proyectotuana.org\/#\/schema\/logo\/image\/"}}]}},"_hostinger_reach_plugin_has_subscription_block":false,"_hostinger_reach_plugin_is_elementor":false,"_links":{"self":[{"href":"https:\/\/proyectotuana.org\/fr\/wp-json\/wp\/v2\/pages\/2","targetHints":{"allow":["GET"]}}],"collection":[{"href":"https:\/\/proyectotuana.org\/fr\/wp-json\/wp\/v2\/pages"}],"about":[{"href":"https:\/\/proyectotuana.org\/fr\/wp-json\/wp\/v2\/types\/page"}],"author":[{"embeddable":true,"href":"https:\/\/proyectotuana.org\/fr\/wp-json\/wp\/v2\/users\/1"}],"replies":[{"embeddable":true,"href":"https:\/\/proyectotuana.org\/fr\/wp-json\/wp\/v2\/comments?post=2"}],"version-history":[{"count":2,"href":"https:\/\/proyectotuana.org\/fr\/wp-json\/wp\/v2\/pages\/2\/revisions"}],"predecessor-version":[{"id":183,"href":"https:\/\/proyectotuana.org\/fr\/wp-json\/wp\/v2\/pages\/2\/revisions\/183"}],"wp:attachment":[{"href":"https:\/\/proyectotuana.org\/fr\/wp-json\/wp\/v2\/media?parent=2"}],"curies":[{"name":"wp","href":"https:\/\/api.w.org\/{rel}","templated":true}]}}